{"id":6316,"date":"2025-11-29T09:22:31","date_gmt":"2025-11-29T09:22:31","guid":{"rendered":"https:\/\/www.spacecowboys-games.com\/conditions-generales-dutilisation\/"},"modified":"2025-12-03T14:41:15","modified_gmt":"2025-12-03T14:41:15","slug":"conditions-generales-dutilisation","status":"publish","type":"page","link":"https:\/\/www.spacecowboys-games.com\/fr\/conditions-generales-dutilisation\/","title":{"rendered":"Conditions G\u00e9n\u00e9rales d&#8217;Utilisation"},"content":{"rendered":"<div class=\"lazyblock-page-entry-wOpO0 wp-block-lazyblock-page-entry\">\n<div class=\"hero-page alignfull\" style=\"min-height: 70vh; --overlay-opacity: 60%;\">\n    <div class=\"project-thumbnail\" style=\"background-image: url(https:\/\/cdn.svc.asmodee.net\/production-spacecowboys\/uploads\/image-converter\/2025\/11\/fond2-1.webp);\">\n    <\/div>\n    <div class=\"project-header-content col-full \">\n        <div class=\"row justify-content-center\">\n\n            <div class=\"col-md-12 text-center\">\n                                    <h1 class=\"alpha entry-title\">\n                        General Terms of Use                    <\/h1>\n                                \n\n            <\/div>\n\n        <\/div>\n\n    <\/div>\n<\/div>\n<\/div>\n<p>Mise \u00e0 jour Juillet 2024.<\/p>\n\n<p>Les pr\u00e9sentes Conditions G\u00e9n\u00e9rales d\u2019Utilisation doivent faire l\u2019objet d\u2019une lecture compl\u00e8te et attentive<\/p>\n\n<ol>\n<li>1. ACCEPTATION DES CONDITIONS<\/li>\n<\/ol>\n\n<p><p class=\"font_8 wixui-rich-text__text\"><span class=\"wixui-rich-text__text\">Les pr\u00e9sentes Conditions G\u00e9n\u00e9rales d\u2019Utilisation (les \u00ab Conditions \u00bb) r\u00e9gissent les droits, obligations et restrictions li\u00e9s \u00e0 l\u2019utilisation du site internet de pr\u00e9sentation du Studio Space Cowboys et de ses jeux, accessible via l\u2019url\u00a0<a class=\"wixui-rich-text__text\" href=\"https:\/\/www.spacecowboys.fr\/\" target=\"_blank\" rel=\"noreferrer noopener\">https:\/\/www.spacecowboys-games.com<\/a>\u00a0(ci-apr\u00e8s le \u00ab Site \u00bb) par l\u2019utilisateur (\u00ab l\u2019Utilisateur \u00bb ou \u00ab vous \u00bb).<\/span><\/p><\/p>\n\n<p>Le Site est \u00e9dit\u00e9 par la soci\u00e9t\u00e9 ASMODEE GROUP sous le nom de son studio \u00ab SPACE COWBOYS \u00bb.&#13;\n&#13;\n<\/p>\n\n<p>L\u2019utilisation du Contenu (tel que d\u00e9fini ci-apr\u00e8s) est soumise \u00e0 l\u2019acceptation des Conditions qui s\u2019appliquent automatiquement \u00e0 toute utilisation du Site.&#13;\n&#13;\n<\/p>\n\n<p>SI VOUS N\u2019ETES PAS D\u2019ACCORD AVEC LES CONDITIONS D\u2019UTILISATION MENTIONNEES CI-APRES, MERCI DE NE PAS UTILISER LE SITE.&#13;\n&#13;\n<\/p>\n\n<p>Utiliser tout ou partie du Contenu implique que vous acceptez et vous engagez \u00e0 respecter les pr\u00e9sentes Conditions sans r\u00e9serve.&#13;\n&#13;\n<\/p>\n\n<p>Le Contenu s\u2019entend notamment (i) de tout droit de propri\u00e9t\u00e9 intellectuelle (notamment mais non limitativement, les marques, dessins et mod\u00e8les, noms de domaine, logos, droit d\u2019auteur aff\u00e9rent aux produits expos\u00e9s, (ii) de tout \u00e9l\u00e9ment textuel, graphique, vid\u00e9o, visuel ou sonore apparaissant sur le Site.&#13;\n&#13;\n<\/p>\n\n<p>En vertu de l\u2019article 7 ci-dessous, ASMODEE GROUP, se r\u00e9serve le droit, \u00e0 tout moment, de modifier des stipulations des Conditions, que ce soit en effectuant des ajouts ou des suppressions.&#13;\n&#13;\n<\/p>\n\n<p>Les Conditions pouvant faire l&#8217;objet de modifications, les conditions applicables sont celles en vigueur et accessibles lors de votre acc\u00e8s au Site.&#13;\n&#13;\n<\/p>\n\n<ol>\n<li>2. CONDITIONS D\u2019ACCES AU SITE<\/li>\n<\/ol>\n\n<p>Le Site est accessible \u00e0 tous.<\/p>\n\n<p>L\u2019acc\u00e8s au Site se fait \u00e0 partir d\u2019un ordinateur connect\u00e9 \u00e0 un r\u00e9seau de t\u00e9l\u00e9communication selon les protocoles de communication utilis\u00e9s sur le r\u00e9seau d\u2019Internet.&#13;\n&#13;\n<\/p>\n\n<p>L\u2019Utilisateur est inform\u00e9 que le Site est optimis\u00e9 pour \u00eatre consultable depuis les smartphones et tablettes. L\u2019Utilisateur doit disposer de ses propres moyens de t\u00e9l\u00e9communication compatibles et d\u2019un acc\u00e8s \u00e0 Internet.&#13;\n&#13;\n<\/p>\n\n<p>L\u2019Utilisateur est \u00e9galement inform\u00e9 que le co\u00fbt de l\u2019acc\u00e8s et de la navigation sur le Site est \u00e0 sa charge exclusive.&#13;\n&#13;\n<\/p>\n\n<ol>\n<li>3. DROITS DE PROPRIETE INTELLECTUELLE<\/li>\n<\/ol>\n\n<p>Tout Contenu, et tous les droits de propri\u00e9t\u00e9 intellectuelle li\u00e9s \u00e0 leur conception, \u00e0 la s\u00e9lection de ces \u00e9l\u00e9ments, \u00e0 leur pr\u00e9sentation et leur organisation appartiennent \u00e0 ASMODEE GROUP ou \u00e0 ses ayants-droits.&#13;\n&#13;\n<\/p>\n\n<p>De m\u00eame, les marques, noms de domaine, sigles, logos, dessins et autres qui apparaissent sur le Site sont la propri\u00e9t\u00e9 exclusive d\u2019ASMODEE GROUP ou de ses partenaires lui ayant conc\u00e9d\u00e9 une licence pour une utilisation dans le cadre du Site.&#13;\n&#13;\n<\/p>\n\n<p>L\u2019ensemble du Contenu est prot\u00e9g\u00e9 par le droit d\u2019auteur, la l\u00e9gislation sur les bases de donn\u00e9es, les dessins et mod\u00e8les, les marques, et plus g\u00e9n\u00e9ralement, les conventions internationales et autres lois prot\u00e9geant la propri\u00e9t\u00e9 intellectuelle et les droits exclusifs aff\u00e9rents. Toute reproduction ou repr\u00e9sentation de ces \u00e9l\u00e9ments ou de tout ou partie du Contenu de quelque mani\u00e8re et \u00e0 quelque titre que ce soit est interdite sans autorisation pr\u00e9alable d\u2019AMOSDEE GROUP et, le cas \u00e9ch\u00e9ant, des conc\u00e9dants de licences et ayants-droits.&#13;\n&#13;\n<\/p>\n\n<p>L\u2019Utilisateur reconnait qu\u2019il n\u2019est autoris\u00e9 \u00e0 utiliser ces \u00e9l\u00e9ments et informations figurant sur le Site que dans les limites express\u00e9ment fix\u00e9es par ASMODEE GROUP. Il reconnait et accepte en outre qu\u2019aucune des pr\u00e9sentes Conditions n\u2019a pour effet de lui transf\u00e9rer la propri\u00e9t\u00e9 de toute marque, nom commercial ou tout autre droit de propri\u00e9t\u00e9 de toute partie du Contenu. Il s\u2019engage \u00e0 ne rien faire qui soit en contradiction avec le pr\u00e9sent article ou qui soit susceptible de porter pr\u00e9judice, de quelque mani\u00e8re que ce soit, \u00e0 ASMODEE GROUP, ses ayants-droits ou ayant-cause, \u00e0 ce titre.&#13;\n&#13;\n<\/p>\n\n<ol>\n<li>4. PUBLICITE ET MISE EN AVANT DE PRODUITS<\/li>\n<\/ol>\n\n<p>Au sein du Site, ASMODEE GROUP, pourra mettre en avant, \u00e0 sa seule discr\u00e9tion, certains produits par l\u2019insertion de liens promotionnels, de bandeaux publicitaires, de fen\u00eatre, dite \u00ab pop-up \u00bb \u00e0 l\u2019ouverture du Site. Il est entendu que ASMODEE GROUP pourra proc\u00e9der \u00e0 des op\u00e9rations de cross-marketing avec tout partenaire de son choix.&#13;\n&#13;\n<\/p>\n\n<ol>\n<li>5. RESPONSABILITE, GARANTIE ET INDEMNISATION<\/li>\n<\/ol>\n\n<p>Bien que ASMODEE GROUP fasse tous ses efforts pour assurer la disponibilit\u00e9 permanente des serveurs, l\u2019acc\u00e8s au Site peut \u00eatre temporairement suspendu pour des raisons techniques ou de maintenance, sans avertissement pr\u00e9alable.&#13;\n&#13;\n<\/p>\n\n<p>La navigation sur le Site est aux propres risques de l\u2019Utilisateur. ASMODEE GROUP n\u2019est pas responsable de la mise \u00e0 jour permanente du Site.&#13;\n&#13;\n<\/p>\n\n<p>ASMODEE GROUP ne garantit pas que le Site soit exempt de virus et autres composants dangereux. Il appartient \u00e0 l\u2019Utilisateur de prendre toutes les mesures appropri\u00e9es pour prot\u00e9ger ses propres donn\u00e9es et\/ou logiciels de la contamination par d\u2019\u00e9ventuels virus circulant sur le r\u00e9seau Internet.&#13;\n&#13;\n<\/p>\n\n<p>L\u2019Utilisateur accepte le fait que ASMODEE GROUP et ses prestataires ne pourront en aucun cas \u00eatre tenus responsables des dommages fortuits, mat\u00e9riels et\/ou immat\u00e9riels, directs et\/ou indirects qui pourraient r\u00e9sulter de l\u2019acc\u00e8s ou de l\u2019utilisation du Site, y compris l\u2019inaccessibilit\u00e9, les pertes de donn\u00e9es, d\u00e9t\u00e9riorations, destructions ou virus qui pourrait affecter l\u2019\u00e9quipement informatique de l\u2019Utilisateur, et\/ou de la pr\u00e9sence de virus sur son Site.&#13;\n&#13;\n<\/p>\n\n<p>Par ailleurs, tout mat\u00e9riel t\u00e9l\u00e9charg\u00e9 et\/ou obtenu, de quelque mani\u00e8re que ce soit, lors de l\u2019utilisation du Site, l\u2019est aux seuls risques de l\u2019Utilisateur. ASMODEE GROUP ne sera aucunement responsable des dommages et\/ou pertes de donn\u00e9es subis par l\u2019Utilisateur.&#13;\n&#13;\n<\/p>\n\n<ol>\n<li>6. HYPERLIENS<\/li>\n<\/ol>\n\n<p>6.1 Le Site peut contenir des hyperliens pointant vers d\u2019autres sites Internet du groupe Asmodee. Vous reconnaissez et acceptez que l\u2019utilisation et la navigation sur ces sites Internet sont r\u00e9gies uniquement par les conditions d\u2019utilisation et les mentions l\u00e9gales pr\u00e9sentes sur ces sites.&#13;\n&#13;\n<\/p>\n\n<p>6.2 Le Site peut contenir des hyperliens pointant vers d&#8217;autres sites Internet qui n&#8217;appartiennent pas \u00e0 ASMODEE GROUP. ASMODEE GROUP n&#8217;exerce aucun contr\u00f4le sur les contenus, les conditions particuli\u00e8res de chaque offre de tiers de m\u00eame que les conditions g\u00e9n\u00e9rales de vente, d\u2019utilisation et les chartes de protection des donn\u00e9es personnelles ou les pratiques des sites tiers et d\u00e9cline toute responsabilit\u00e9 \u00e0 cet \u00e9gard.&#13;\n&#13;\n<\/p>\n\n<p>Vous reconnaissez et acceptez qu\u2019ASMODEE GROUP n&#8217;est pas responsable de la disponibilit\u00e9 de ces sites et ressources externes et ne cautionne ni la publicit\u00e9, ni les produits ou autres liens ou donn\u00e9es figurant sur ces sites Internet ou ressources externes, ou accessibles depuis ceux-ci.&#13;\n&#13;\n<\/p>\n\n<p>Vous reconnaissez et acceptez qu\u2019ASMODEE GROUP ne peut \u00eatre tenue responsable des pertes ou dommages que vous pourriez subir du fait de l\u2019existence de ces sites ou ressources externes ou du fait de la confiance que vous accordez quant \u00e0 l&#8217;exhaustivit\u00e9, l&#8217;exactitude ou l&#8217;existence de toute publicit\u00e9, tout produit ou autres donn\u00e9es sur ces sites Internet ou ressources externes, ou accessibles depuis ceux-ci.&#13;\n&#13;\n<\/p>\n\n<p>Dans l\u2019hypoth\u00e8se o\u00f9, selon vous, un lien renfermerait des contenus illicites ou inappropri\u00e9s, vous devrez nous le signaler via le formulaire de contact.&#13;\n&#13;\n<\/p>\n\n<ol>\n<li>7. MISE A JOUR DES SERVICES ET MODIFICATION DES CONDITIONS<\/li>\n<\/ol>\n\n<p>ASMODEE GROUP se r\u00e9serve le droit de modifier les pr\u00e9sentes conditions d\u2019utilisation du Site (en ce inclus notamment par exemple en changeant les conditions d\u2019acc\u00e8s au Site ou en ajoutant des espaces collaboratifs) sans pr\u00e9avis ni information pr\u00e9alable de l\u2019Utilisateur.&#13;\n&#13;\n<\/p>\n\n<ol>\n<li>8. DONNEES PERSONNELLES<\/li>\n<\/ol>\n\n<p>ASMODEE GROUP accorde une tr\u00e8s grande importance au respect de votre vie priv\u00e9e.<\/p>\n\n<p>Les informations collect\u00e9es par ASMODEE GROUP \u00e0 partir du formulaire de contact sont n\u00e9cessaires au traitement de votre demande. Elles sont transmises au service d\u2019ASMODEE GROUP en charge du traitement correspondant \u00e0 votre demande.&#13;\n&#13;\n<\/p>\n\n<p>Ces donn\u00e9es sont conserv\u00e9es par ASMODEE GROUP pendant une dur\u00e9e limit\u00e9e, correspondant au temps n\u00e9cessaire pour vous r\u00e9pondre.&#13;\n&#13;\n<\/p>\n\n<p>Par ailleurs, vous disposez d\u2019un champ libre. Il s\u2019agit d\u2019un espace vous permettant de renseigner librement des informations suppl\u00e9mentaires relatives \u00e0 votre demande. En acceptant la Politique des Donn\u00e9es Personnelles et les Conditions, vous vous engagez \u00e0 ne r\u00e9diger que des commentaires appropri\u00e9s et mod\u00e9r\u00e9s, qui ne puissent \u00eatre interpr\u00e9t\u00e9s comme \u00e9tant insultants ou diffamatoires ou portant atteinte \u00e0 toute disposition l\u00e9gale. Nous nous r\u00e9servons le droit d\u2019appr\u00e9cier l\u2019utilit\u00e9 de ces commentaires et de les supprimer si nous jugeons que nous n\u2019avons pas \u00e0 en avoir connaissance, sans pr\u00e9avis et sans avertissement de l\u2019Utilisateur.&#13;\n&#13;\n<\/p>\n\n<p><p class=\"font_8 wixui-rich-text__text\"><span class=\"wixui-rich-text__text\">Conform\u00e9ment aux dispositions du R\u00e8glement europ\u00e9en relatif \u00e0 la protection des donn\u00e9es personnelles (RGPD) n\u00b02016\/679, tout Utilisateur b\u00e9n\u00e9ficie d\u2019un droit d\u2019acc\u00e8s, de suppression et de rectification des informations le concernant et peut s\u2019opposer \u00e0 tout moment, pour des motifs l\u00e9gitimes, au traitement de donn\u00e9es le concernant en adressant sa demande par \u00e9crit au si\u00e8ge social d\u2019ASMODEE GROUP, \u00e0 l\u2019adresse suivante : 18 rue Jacqueline Auriol, Quartier Villaroy \u2013 78280 Guyancourt ou par e-mail \u00e0 l\u2019adresse suivante :\u00a0<a class=\"wixui-rich-text__text\" href=\"mailto:donneespersonnelles-group@asmodee.com\" target=\"_self\" rel=\"noopener\">donneespersonnelles-group@asmodee.com<\/a>.<\/span><\/p><\/p>\n\n<p><p class=\"font_8 wixui-rich-text__text\"><span class=\"wixui-rich-text__text\">Pour en savoir plus, nous vous invitons \u00e0 consulter la\u00a0Politique des Donn\u00e9es Personnelles.<\/span><\/p><\/p>\n\n<ol>\n<li>9. POLITIQUE FOUILLE DE TEXTES ET DE DONNEES &lt; TDM-RESERVATION: 1&gt;<\/li>\n<\/ol>\n\n<p>ASMODEE GROUP s\u2019oppose \u00e0 toutes op\u00e9rations de moissonnage et de fouille de textes et de donn\u00e9es au sens de l\u2019article L. 122-5-3 du Code de la propri\u00e9t\u00e9 intellectuelle.&#13;\n&#13;\n<\/p>\n\n<p>Cette opposition couvre l\u2019ensemble du Site et des Contenus auxquels il donne acc\u00e8s.<\/p>\n\n<p>Toutes op\u00e9rations de moissonnage et de fouille de textes et de donn\u00e9es visant le Site et ses Contenus, y compris par des dispositifs de collecte automatis\u00e9e de donn\u00e9es constituent donc des actes de contrefa\u00e7on sauf obtention d\u2019un accord sp\u00e9cifique formellement exprim\u00e9 d\u2019ASMODEE GROUP.<\/p>\n\n<p>L\u2019article R. 122-28 du Code de la propri\u00e9t\u00e9 intellectuelle pr\u00e9cisant que l&#8217;opposition mentionn\u00e9e au III de l&#8217;article L. 122-5-3 peut \u00eatre exprim\u00e9e par tout moyen, y compris par le recours \u00e0 des conditions g\u00e9n\u00e9rales d&#8217;utilisation d&#8217;un site internet ou d&#8217;un service, l\u2019absence de metadonn\u00e9es associ\u00e9es au Site, r\u00e9pertoires du Site, Contenus du Site est sans incidence sur l\u2019exercice du droit d\u2019opposition exprim\u00e9 par les pr\u00e9sentes conditions g\u00e9n\u00e9rales d\u2019utilisation.&#13;\n&#13;\n<\/p>\n\n<p>Pour faciliter la lecture de ce droit d\u2019opposition par tout dispositif de collecte automatis\u00e9e de donn\u00e9es, cette opposition est \u00e9galement exprim\u00e9e ainsi &lt; TDM-RESERVATION: 1&gt;.&#13;\n&#13;\n<\/p>\n\n<ol>\n<li>10. DIVERS<\/li>\n<\/ol>\n\n<p>Titres et Intitul\u00e9s.<\/p>\n\n<p>L\u2019intitul\u00e9 des clauses a pour seul objet de faciliter la lecture et la compr\u00e9hension des pr\u00e9sentes Conditions et ne saurait en aucun cas permettre de pr\u00e9juger du contenu des clauses et de l\u2019interpr\u00e9tation qui peut en \u00eatre faite.&#13;\n&#13;\n<\/p>\n\n<p>Loi et Juridiction.<\/p>\n\n<p>Les pr\u00e9sentes Conditions sont r\u00e9gies par les lois fran\u00e7aises, sans application de ses r\u00e8gles relatives aux conflits de lois ; et chaque Utilisateur reconnait express\u00e9ment la comp\u00e9tence exclusive des Tribunaux fran\u00e7ais pour toute plainte ou tout litige avec ASMODEE GROUP, ou en rapport de quelque mani\u00e8re que ce soit avec l\u2019utilisation du Site, et chaque Utilisateur accepte en outre l\u2019exercice de la comp\u00e9tence territoriale des Tribunaux fran\u00e7ais en rapport avec tout litige de ce genre.&#13;\n&#13;\n<\/p>\n\n<p>Force majeure<\/p>\n\n<p>Sous r\u00e9serve des dispositions l\u00e9gales applicables, la responsabilit\u00e9 de ASMODEE GROUP ne saurait \u00eatre engag\u00e9e du fait d\u2019un cas fortuit, de force majeure telle que d\u00e9finie par la jurisprudence et le Code Civil fran\u00e7ais.&#13;\n&#13;\n<\/p>\n\n<p>Contacts<\/p>\n\n<p>Pour toute question concernant les pr\u00e9sentes Conditions, vous pouvez contacter ASMODEE GROUP \u00e0 l\u2019adresse suivante : 18 rue Jacqueline Auriol, Quartier Villaroy \u2013 78280 Guyancourt.&#13;\n&#13;\n<\/p>\n\n<p>LES PRESENTES CONDITIONS NE SONT APPLICABLES QUE DANS LA MESURE AUTORISEE PAR LA LOI.TOUTE UTILISATION DU SITE VAUT APPROBATION SANS RESERVE DES PRESENTES CONDITIONS.&#13;\n&#13;\n<\/p>\n\n<p>.<\/p>\n","protected":false},"excerpt":{"rendered":"<p>Mise \u00e0 jour Juillet 2024. Les pr\u00e9sentes Conditions G\u00e9n\u00e9rales d\u2019Utilisation doivent faire l\u2019objet d\u2019une lecture compl\u00e8te et attentive Les pr\u00e9sentes Conditions G\u00e9n\u00e9rales d\u2019Utilisation (les \u00ab Conditions \u00bb) r\u00e9gissent les droits, obligations et restrictions li\u00e9s \u00e0 l\u2019utilisation du site internet de pr\u00e9sentation du Studio Space Cowboys et de ses jeux, accessible via l\u2019url\u00a0https:\/\/www.spacecowboys-games.com\u00a0(ci-apr\u00e8s le \u00ab Site [&hellip;]<\/p>\n","protected":false},"author":7,"featured_media":0,"parent":0,"menu_order":0,"comment_status":"closed","ping_status":"closed","template":"","meta":{"_acf_changed":false,"footnotes":""},"acf":[],"yoast_head":"<!-- This site is optimized with the Yoast SEO Premium plugin v22.3 (Yoast SEO v22.9) - https:\/\/yoast.com\/wordpress\/plugins\/seo\/ -->\n<title>Conditions G\u00e9n\u00e9rales d&#039;Utilisation - Space Cowboys<\/title>\n<meta name=\"robots\" content=\"index, follow, max-snippet:-1, max-image-preview:large, max-video-preview:-1\" \/>\n<link rel=\"canonical\" href=\"https:\/\/www.spacecowboys-games.com\/fr\/conditions-generales-dutilisation\/\" \/>\n<meta property=\"og:locale\" content=\"fr_FR\" \/>\n<meta property=\"og:type\" content=\"article\" \/>\n<meta property=\"og:title\" content=\"Conditions G\u00e9n\u00e9rales d&#039;Utilisation\" \/>\n<meta property=\"og:description\" content=\"Mise \u00e0 jour Juillet 2024. Les pr\u00e9sentes Conditions G\u00e9n\u00e9rales d\u2019Utilisation doivent faire l\u2019objet d\u2019une lecture compl\u00e8te et attentive Les pr\u00e9sentes Conditions G\u00e9n\u00e9rales d\u2019Utilisation (les \u00ab Conditions \u00bb) r\u00e9gissent les droits, obligations et restrictions li\u00e9s \u00e0 l\u2019utilisation du site internet de pr\u00e9sentation du Studio Space Cowboys et de ses jeux, accessible via l\u2019url\u00a0https:\/\/www.spacecowboys-games.com\u00a0(ci-apr\u00e8s le \u00ab Site [&hellip;]\" \/>\n<meta property=\"og:url\" content=\"https:\/\/www.spacecowboys-games.com\/fr\/conditions-generales-dutilisation\/\" \/>\n<meta property=\"og:site_name\" content=\"Space Cowboys\" \/>\n<meta property=\"article:modified_time\" content=\"2025-12-03T14:41:15+00:00\" \/>\n<meta name=\"twitter:card\" content=\"summary_large_image\" \/>\n<meta name=\"twitter:label1\" content=\"Est. reading time\" \/>\n\t<meta name=\"twitter:data1\" content=\"10 minutes\" \/>\n<script type=\"application\/ld+json\" class=\"yoast-schema-graph\">{\"@context\":\"https:\/\/schema.org\",\"@graph\":[{\"@type\":\"WebPage\",\"@id\":\"https:\/\/www.spacecowboys-games.com\/fr\/conditions-generales-dutilisation\/\",\"url\":\"https:\/\/www.spacecowboys-games.com\/fr\/conditions-generales-dutilisation\/\",\"name\":\"Conditions G\u00e9n\u00e9rales d'Utilisation - Space Cowboys\",\"isPartOf\":{\"@id\":\"https:\/\/www.spacecowboys-games.com\/#website\"},\"datePublished\":\"2025-11-29T09:22:31+00:00\",\"dateModified\":\"2025-12-03T14:41:15+00:00\",\"breadcrumb\":{\"@id\":\"https:\/\/www.spacecowboys-games.com\/fr\/conditions-generales-dutilisation\/#breadcrumb\"},\"inLanguage\":\"fr-FR\",\"potentialAction\":[{\"@type\":\"ReadAction\",\"target\":[\"https:\/\/www.spacecowboys-games.com\/fr\/conditions-generales-dutilisation\/\"]}]},{\"@type\":\"BreadcrumbList\",\"@id\":\"https:\/\/www.spacecowboys-games.com\/fr\/conditions-generales-dutilisation\/#breadcrumb\",\"itemListElement\":[{\"@type\":\"ListItem\",\"position\":1,\"name\":\"Home\",\"item\":\"https:\/\/www.spacecowboys-games.com\/fr\/\"},{\"@type\":\"ListItem\",\"position\":2,\"name\":\"Conditions G\u00e9n\u00e9rales d&#8217;Utilisation\"}]},{\"@type\":\"WebSite\",\"@id\":\"https:\/\/www.spacecowboys-games.com\/#website\",\"url\":\"https:\/\/www.spacecowboys-games.com\/\",\"name\":\"Space Cowboys\",\"description\":\"Welcome to Space Cowboys Games\",\"publisher\":{\"@id\":\"https:\/\/www.spacecowboys-games.com\/#organization\"},\"potentialAction\":[{\"@type\":\"SearchAction\",\"target\":{\"@type\":\"EntryPoint\",\"urlTemplate\":\"https:\/\/www.spacecowboys-games.com\/?s={search_term_string}\"},\"query-input\":\"required name=search_term_string\"}],\"inLanguage\":\"fr-FR\"},{\"@type\":\"Organization\",\"@id\":\"https:\/\/www.spacecowboys-games.com\/#organization\",\"name\":\"Space Cowboys\",\"url\":\"https:\/\/www.spacecowboys-games.com\/\",\"logo\":{\"@type\":\"ImageObject\",\"inLanguage\":\"fr-FR\",\"@id\":\"https:\/\/www.spacecowboys-games.com\/#\/schema\/logo\/image\/\",\"url\":\"https:\/\/cdn.svc.asmodee.net\/production-spacecowboys\/uploads\/image-converter\/2025\/10\/SC_LOGO.webp\",\"contentUrl\":\"https:\/\/cdn.svc.asmodee.net\/production-spacecowboys\/uploads\/image-converter\/2025\/10\/SC_LOGO.webp\",\"width\":2000,\"height\":2000,\"caption\":\"Space Cowboys\"},\"image\":{\"@id\":\"https:\/\/www.spacecowboys-games.com\/#\/schema\/logo\/image\/\"}}]}<\/script>\n<!-- \/ Yoast SEO Premium plugin. -->","yoast_head_json":{"title":"Conditions G\u00e9n\u00e9rales d'Utilisation - Space Cowboys","robots":{"index":"index","follow":"follow","max-snippet":"max-snippet:-1","max-image-preview":"max-image-preview:large","max-video-preview":"max-video-preview:-1"},"canonical":"https:\/\/www.spacecowboys-games.com\/fr\/conditions-generales-dutilisation\/","og_locale":"fr_FR","og_type":"article","og_title":"Conditions G\u00e9n\u00e9rales d'Utilisation","og_description":"Mise \u00e0 jour Juillet 2024. Les pr\u00e9sentes Conditions G\u00e9n\u00e9rales d\u2019Utilisation doivent faire l\u2019objet d\u2019une lecture compl\u00e8te et attentive Les pr\u00e9sentes Conditions G\u00e9n\u00e9rales d\u2019Utilisation (les \u00ab Conditions \u00bb) r\u00e9gissent les droits, obligations et restrictions li\u00e9s \u00e0 l\u2019utilisation du site internet de pr\u00e9sentation du Studio Space Cowboys et de ses jeux, accessible via l\u2019url\u00a0https:\/\/www.spacecowboys-games.com\u00a0(ci-apr\u00e8s le \u00ab Site [&hellip;]","og_url":"https:\/\/www.spacecowboys-games.com\/fr\/conditions-generales-dutilisation\/","og_site_name":"Space Cowboys","article_modified_time":"2025-12-03T14:41:15+00:00","twitter_card":"summary_large_image","twitter_misc":{"Est. reading time":"10 minutes"},"schema":{"@context":"https:\/\/schema.org","@graph":[{"@type":"WebPage","@id":"https:\/\/www.spacecowboys-games.com\/fr\/conditions-generales-dutilisation\/","url":"https:\/\/www.spacecowboys-games.com\/fr\/conditions-generales-dutilisation\/","name":"Conditions G\u00e9n\u00e9rales d'Utilisation - Space Cowboys","isPartOf":{"@id":"https:\/\/www.spacecowboys-games.com\/#website"},"datePublished":"2025-11-29T09:22:31+00:00","dateModified":"2025-12-03T14:41:15+00:00","breadcrumb":{"@id":"https:\/\/www.spacecowboys-games.com\/fr\/conditions-generales-dutilisation\/#breadcrumb"},"inLanguage":"fr-FR","potentialAction":[{"@type":"ReadAction","target":["https:\/\/www.spacecowboys-games.com\/fr\/conditions-generales-dutilisation\/"]}]},{"@type":"BreadcrumbList","@id":"https:\/\/www.spacecowboys-games.com\/fr\/conditions-generales-dutilisation\/#breadcrumb","itemListElement":[{"@type":"ListItem","position":1,"name":"Home","item":"https:\/\/www.spacecowboys-games.com\/fr\/"},{"@type":"ListItem","position":2,"name":"Conditions G\u00e9n\u00e9rales d&#8217;Utilisation"}]},{"@type":"WebSite","@id":"https:\/\/www.spacecowboys-games.com\/#website","url":"https:\/\/www.spacecowboys-games.com\/","name":"Space Cowboys","description":"Welcome to Space Cowboys Games","publisher":{"@id":"https:\/\/www.spacecowboys-games.com\/#organization"},"potentialAction":[{"@type":"SearchAction","target":{"@type":"EntryPoint","urlTemplate":"https:\/\/www.spacecowboys-games.com\/?s={search_term_string}"},"query-input":"required name=search_term_string"}],"inLanguage":"fr-FR"},{"@type":"Organization","@id":"https:\/\/www.spacecowboys-games.com\/#organization","name":"Space Cowboys","url":"https:\/\/www.spacecowboys-games.com\/","logo":{"@type":"ImageObject","inLanguage":"fr-FR","@id":"https:\/\/www.spacecowboys-games.com\/#\/schema\/logo\/image\/","url":"https:\/\/cdn.svc.asmodee.net\/production-spacecowboys\/uploads\/image-converter\/2025\/10\/SC_LOGO.webp","contentUrl":"https:\/\/cdn.svc.asmodee.net\/production-spacecowboys\/uploads\/image-converter\/2025\/10\/SC_LOGO.webp","width":2000,"height":2000,"caption":"Space Cowboys"},"image":{"@id":"https:\/\/www.spacecowboys-games.com\/#\/schema\/logo\/image\/"}}]}},"_links":{"self":[{"href":"https:\/\/www.spacecowboys-games.com\/fr\/wp-json\/wp\/v2\/pages\/6316"}],"collection":[{"href":"https:\/\/www.spacecowboys-games.com\/fr\/wp-json\/wp\/v2\/pages"}],"about":[{"href":"https:\/\/www.spacecowboys-games.com\/fr\/wp-json\/wp\/v2\/types\/page"}],"author":[{"embeddable":true,"href":"https:\/\/www.spacecowboys-games.com\/fr\/wp-json\/wp\/v2\/users\/7"}],"replies":[{"embeddable":true,"href":"https:\/\/www.spacecowboys-games.com\/fr\/wp-json\/wp\/v2\/comments?post=6316"}],"version-history":[{"count":1,"href":"https:\/\/www.spacecowboys-games.com\/fr\/wp-json\/wp\/v2\/pages\/6316\/revisions"}],"predecessor-version":[{"id":6317,"href":"https:\/\/www.spacecowboys-games.com\/fr\/wp-json\/wp\/v2\/pages\/6316\/revisions\/6317"}],"wp:attachment":[{"href":"https:\/\/www.spacecowboys-games.com\/fr\/wp-json\/wp\/v2\/media?parent=6316"}],"curies":[{"name":"wp","href":"https:\/\/api.w.org\/{rel}","templated":true}]}}