{"id":6789,"date":"2025-11-17T14:54:43","date_gmt":"2025-11-17T14:54:43","guid":{"rendered":"https:\/\/www.spacecowboys-games.com\/anciens-jeux\/"},"modified":"2025-12-11T12:55:18","modified_gmt":"2025-12-11T12:55:18","slug":"anciens-jeux","status":"publish","type":"page","link":"https:\/\/www.spacecowboys-games.com\/fr\/anciens-jeux\/","title":{"rendered":"Anciens jeux"},"content":{"rendered":"<div class=\"lazyblock-page-entry-1c3vRV wp-block-lazyblock-page-entry\">\n<div class=\"hero-page alignfull\" style=\"min-height: 70vh; --overlay-opacity: 60%;\">\n    <div class=\"project-thumbnail\" style=\"background-image: url(https:\/\/cdn.svc.asmodee.net\/production-spacecowboys\/uploads\/image-converter\/2025\/10\/bannerYT_Space_Cowboys_2.webp);\">\n    <\/div>\n    <div class=\"project-header-content col-full \">\n        <div class=\"row justify-content-center\">\n\n            <div class=\"col-md-12 text-center\">\n                                    <h1 class=\"alpha entry-title\">\n                        Anciens jeux                    <\/h1>\n                                \n\n            <\/div>\n\n        <\/div>\n\n    <\/div>\n<\/div>\n<\/div>\n\n\n<div class=\"wp-block-columns is-layout-flex wp-container-core-columns-layout-1 wp-block-columns-is-layout-flex\">\n<div class=\"wp-block-column is-layout-flow wp-block-column-is-layout-flow\"><div class=\"lazyblock-image-card-1rcVP7 h-100 wp-block-lazyblock-image-card\">\n\n<div class=\"project-item project-style-2\">\n    <div class=\"project-post-thumbnail\"\n         style=\"min-height: 340px;background-position: center; background-image: url(https:\/\/cdn.svc.asmodee.net\/production-spacecowboys\/uploads\/image-converter\/2025\/11\/Caylus_cover_new_logo-scaled.webp); background-size: cover;\"\n        >\n    <\/div>\n    <div class=\"project-content\">\n        <div class=\"project-content-inner\">\n            <h4 class=\"project-title delta\">Caylus<\/h4>\n                                        <div class=\"project-excerpt mt-2\"><p class=\"font_7 wixui-rich-text__text\"><span class=\"wixui-rich-text__text\">Bienvenue \u00e0 Caylus, Ma\u00eetres b\u00e2tisseurs !<\/span><\/p>\r\n<p class=\"font_7 wixui-rich-text__text\"><span class=\"wixui-rich-text__text\">Construisez de nombreux b\u00e2timents sur cette route ! Faites-y travailler vos ouvriers, sous l\u2019\u0153il affut\u00e9 du pr\u00e9v\u00f4t. Cr\u00e9ez les ressources n\u00e9cessaires et contribuez \u00e0 \u00e9riger le plus grand des ch\u00e2teaux pour obtenir les faveurs du Roi et un maximum de Prestige.\u00a0<\/span><\/p><\/div>\n                    <\/div>\n                    <div class=\"project-cta\">\n                <a class=\"button\" href=\"https:\/\/cdn.svc.asmodee.net\/production-spacecowboys\/uploads\/2025\/12\/Caylus_Regles_FR_BD.pdf\" style=\"color: var(--cta-text-color);\">\n                    T\u00e9l\u00e9chargez le livret de r\u00e8gles                <\/a>\n            <\/div>\n            <\/div>\n<\/div>\n<\/div><\/div>\n\n\n\n<div class=\"wp-block-column is-layout-flow wp-block-column-is-layout-flow\"><div class=\"lazyblock-image-card-Z39vr0 h-100 wp-block-lazyblock-image-card\">\n\n<div class=\"project-item project-style-2\">\n    <div class=\"project-post-thumbnail\"\n         style=\"min-height: 340px;background-position: center; background-image: url(https:\/\/cdn.svc.asmodee.net\/production-spacecowboys\/uploads\/image-converter\/2025\/11\/BOX_Botanik_EN_HD-PRINT_020920-1-1.webp); background-size: cover;\"\n        >\n    <\/div>\n    <div class=\"project-content\">\n        <div class=\"project-content-inner\">\n            <h4 class=\"project-title delta\">Botanik<\/h4>\n                                        <div class=\"project-excerpt mt-2\">Devenez le meilleur des m\u00e9ca-botaniciens !\r\nDans un monde \u00e9trange o\u00f9 la vie m\u00eale m\u00e9canique et v\u00e9g\u00e9tation, deux scientifiques s\u2019affrontent pour cr\u00e9er une formule \u00e0 base de fleurs.\r\nChaque joueur cr\u00e9e un r\u00e9seau de distillation \u00e0 l\u2019aide de tuiles dispos\u00e9es dans un registre commun.\r\n\r\n\u200b<\/div>\n                    <\/div>\n                    <div class=\"project-cta\">\n                <a class=\"button\" href=\"https:\/\/cdn.svc.asmodee.net\/production-spacecowboys\/uploads\/2025\/12\/Rules_Botanik_FR.pdf\" style=\"color: var(--cta-text-color);\">\n                    T\u00e9l\u00e9chargez le livret de r\u00e8gles                <\/a>\n            <\/div>\n            <\/div>\n<\/div>\n<\/div><\/div>\n<\/div>\n\n\n\n<div class=\"wp-block-columns is-layout-flex wp-container-core-columns-layout-2 wp-block-columns-is-layout-flex\">\n<div class=\"wp-block-column is-layout-flow wp-block-column-is-layout-flow\"><div class=\"lazyblock-image-card-Z16k6Di h-100 wp-block-lazyblock-image-card\">\n\n<div class=\"project-item project-style-2\">\n    <div class=\"project-post-thumbnail\"\n         style=\"min-height: 340px;background-position: center; background-image: url(https:\/\/cdn.svc.asmodee.net\/production-spacecowboys\/uploads\/image-converter\/2025\/11\/TF2_Cover_EN_.webp); background-size: cover;\"\n        >\n    <\/div>\n    <div class=\"project-content\">\n        <div class=\"project-content-inner\">\n            <h4 class=\"project-title delta\">Tea for 2<\/h4>\n                                        <div class=\"project-excerpt mt-2\"><p class=\"p1\"><span class=\"s1\">Tea for 2 <\/span>Tea for 2 est un m\u00e9lange subtil entre le deck-building et la bataille : retournez simultan\u00e9ment la premi\u00e8re carte de votre votre pioche, la plus grande valeur l\u2019emporte ! Ensuite, utilisez le pouvoir de la carte gagnante ou achetez achetez une nouvelle carte !<\/p><\/div>\n                    <\/div>\n                    <div class=\"project-cta\">\n                <a class=\"button\" href=\"https:\/\/cdn.svc.asmodee.net\/production-spacecowboys\/uploads\/2025\/12\/Rules_FR_TF2_260421_compressed-1.pdf\" style=\"color: var(--cta-text-color);\">\n                    T\u00e9l\u00e9chargez le livret de r\u00e8gles                <\/a>\n            <\/div>\n            <\/div>\n<\/div>\n<\/div><\/div>\n\n\n\n<div class=\"wp-block-column is-layout-flow wp-block-column-is-layout-flow\"><div class=\"lazyblock-image-card-vOxmg h-100 wp-block-lazyblock-image-card\">\n\n<div class=\"project-item project-style-2\">\n    <div class=\"project-post-thumbnail\"\n         style=\"min-height: 340px;background-position: center; background-image: url(https:\/\/cdn.svc.asmodee.net\/production-spacecowboys\/uploads\/image-converter\/2025\/11\/EN_ANKHOR-BOX-FACE_Sticker_RVB-1.webp); background-size: cover;\"\n        >\n    <\/div>\n    <div class=\"project-content\">\n        <div class=\"project-content-inner\">\n            <h4 class=\"project-title delta\">Ankh&#8217;Or<\/h4>\n                                        <div class=\"project-excerpt mt-2\">Accumulez des ressources et b\u00e2tissez votre empire commercial dans l&#8217;\u00c9gypte Antique! Ankh&#8217;or est un jeu de gestion de ressources qui s&#8217;appuie sur un syst\u00e8me de r\u00e8gles d&#8217;acquisition et de placement simple. Construisez une structure de 13 tuiles pour gagner le maximum de points de victoire.<\/div>\n                    <\/div>\n                    <div class=\"project-cta\">\n                <a class=\"button\" href=\"https:\/\/cdn.svc.asmodee.net\/production-spacecowboys\/uploads\/2025\/12\/Rules-Ankh-or_VF_20.06.19.pdf\" style=\"color: var(--cta-text-color);\">\n                    T\u00e9l\u00e9chargez le livret de r\u00e8gles                <\/a>\n            <\/div>\n            <\/div>\n<\/div>\n<\/div><\/div>\n<\/div>\n\n\n\n<div class=\"wp-block-columns is-layout-flex wp-container-core-columns-layout-3 wp-block-columns-is-layout-flex\">\n<div class=\"wp-block-column is-layout-flow wp-block-column-is-layout-flow\"><div class=\"lazyblock-image-card-aNsjf wp-block-lazyblock-image-card\">\n\n<div class=\"project-item project-style-2\">\n    <div class=\"project-post-thumbnail\"\n         style=\"min-height: 340px;background-position: center; background-image: url(https:\/\/cdn.svc.asmodee.net\/production-spacecowboys\/uploads\/image-converter\/2025\/11\/Orbis_Cover-1-scaled.webp); background-size: cover;\"\n        >\n    <\/div>\n    <div class=\"project-content\">\n        <div class=\"project-content-inner\">\n            <h4 class=\"project-title delta\">Orbis<\/h4>\n                                        <div class=\"project-excerpt mt-2\">Vous \u00eates un dieu !\r\n\r\nDes contr\u00e9es peupl\u00e9es d&#8217;adorateurs sont perdues dans l&#8217;\u00e9ther. S\u00e9lectionnez et assembles ces r\u00e9gions afin de cr\u00e9er votre propre monde. Villages, monuments, for\u00eats, rivi\u00e8res ou m\u00eame volcans, c&#8217;est \u00e0 vous de construire le plus bel univers!<\/div>\n                    <\/div>\n                    <div class=\"project-cta\">\n                <a class=\"button\" href=\"https:\/\/cdn.svc.asmodee.net\/production-spacecowboys\/uploads\/2025\/12\/Regles-Orbis-FR-BD.pdf\" style=\"color: var(--cta-text-color);\">\n                    T\u00e9l\u00e9chargez le livret de r\u00e8gles                <\/a>\n            <\/div>\n            <\/div>\n<\/div>\n<\/div><\/div>\n\n\n\n<div class=\"wp-block-column is-layout-flow wp-block-column-is-layout-flow\"><div class=\"lazyblock-image-card-S0H08 h-100 wp-block-lazyblock-image-card\">\n\n<div class=\"project-item project-style-2\">\n    <div class=\"project-post-thumbnail\"\n         style=\"min-height: 340px;background-position: center; background-image: url(https:\/\/cdn.svc.asmodee.net\/production-spacecowboys\/uploads\/image-converter\/2025\/11\/SCEL01US_cover-1.webp); background-size: cover;\"\n        >\n    <\/div>\n    <div class=\"project-content\">\n        <div class=\"project-content-inner\">\n            <h4 class=\"project-title delta\">Elysium<\/h4>\n                                        <div class=\"project-excerpt mt-2\">Vous incarnez un demi-dieu ambitieux qui cherche \u00e0 prendre place au sommet de l\u2019Olympe. Recrutez des h\u00e9ros, rassemblez des artefacts et entreprenez des qu\u00eates h\u00e9ro\u00efques pour \u00e9crire votre l\u00e9gende. Au cours des cinq \u00e9poques du jeu, vous allez construire de puissantes combinaisons de cartes, mais aussi les d\u00e9truire car les cartes doivent atteindre l\u2019Elysium et perdre leurs pouvoirs pour vous octroyer des points de victoire.<\/div>\n                    <\/div>\n                    <div class=\"project-cta\">\n                <a class=\"button\" href=\"https:\/\/cdn.svc.asmodee.net\/production-spacecowboys\/uploads\/2025\/12\/SCEL01FR_rules.pdf\" style=\"color: var(--cta-text-color);\">\n                    T\u00e9l\u00e9chargez le livret de r\u00e8gles                <\/a>\n            <\/div>\n            <\/div>\n<\/div>\n<\/div><\/div>\n<\/div>\n\n\n\n<div class=\"wp-block-columns is-layout-flex wp-container-core-columns-layout-4 wp-block-columns-is-layout-flex\">\n<div class=\"wp-block-column is-layout-flow wp-block-column-is-layout-flow\"><div class=\"lazyblock-image-card-ZQ9lGs h-100 wp-block-lazyblock-image-card\">\n\n<div class=\"project-item project-style-2\">\n    <div class=\"project-post-thumbnail\"\n         style=\"min-height: 340px;background-position: center; background-image: url(https:\/\/cdn.svc.asmodee.net\/production-spacecowboys\/uploads\/image-converter\/2025\/11\/FT_Coverart-1.webp); background-size: cover;\"\n        >\n    <\/div>\n    <div class=\"project-content\">\n        <div class=\"project-content-inner\">\n            <h4 class=\"project-title delta\">Final Touch<\/h4>\n                                        <div class=\"project-excerpt mt-2\">Final Touch\u2026 est un bon jeu de cartes d\u2019ap\u00e9ro ou d\u2019entre 2. Rapide et simple, il permet de se faire une petite pause ludique avec une \u0153uvre \u00e0 r\u00e9aliser. Pour remporter il faudra \u00eatre le premier \u00e0 poser la touche final. Vous n\u2019avez pas la bonne couleur\u2026 Vous pouvez toujours g\u00e2cher le tableau !\r\n<\/div>\n                    <\/div>\n                    <div class=\"project-cta\">\n                <a class=\"button\" href=\"https:\/\/cdn.svc.asmodee.net\/production-spacecowboys\/uploads\/2025\/12\/FT_Rules_FR_HD.pdf\" style=\"color: var(--cta-text-color);\">\n                    T\u00e9l\u00e9chargez le livret de r\u00e8gles                <\/a>\n            <\/div>\n            <\/div>\n<\/div>\n<\/div><\/div>\n\n\n\n<div class=\"wp-block-column is-layout-flow wp-block-column-is-layout-flow\"><div class=\"lazyblock-image-card-ZOqtRE h-100 wp-block-lazyblock-image-card\">\n\n<div class=\"project-item project-style-2\">\n    <div class=\"project-post-thumbnail\"\n         style=\"min-height: 340px;background-position: center; background-image: url(https:\/\/cdn.svc.asmodee.net\/production-spacecowboys\/uploads\/image-converter\/2025\/11\/SCVN01EN_coverart.webp); background-size: cover;\"\n        >\n    <\/div>\n    <div class=\"project-content\">\n        <div class=\"project-content-inner\">\n            <h4 class=\"project-title delta\">Via Nebula<\/h4>\n                                        <div class=\"project-excerpt mt-2\">La vall\u00e9e de nebula sort d\u2019une \u00e8re sombre. pendant plusieurs si\u00e8cles, des cr\u00e9atures monstrueuses sorties de la brume ont d\u00e9vast\u00e9 la r\u00e9gion. il est temps que de valeureux explorateurs, regroup\u00e9s au sein de guildes, explorent les chemins embrum\u00e9s, exploitent les ressources cach\u00e9es et reconstruisent villes et b\u00e2timents sur les ruines des cit\u00e9s d\u00e9vast\u00e9es.\r\nNebula va retrouver paix et prosp\u00e9rit\u00e9 et vous allez en devenir les h\u00e9ros !<\/div>\n                    <\/div>\n                    <div class=\"project-cta\">\n                <a class=\"button\" href=\"https:\/\/cdn.svc.asmodee.net\/production-spacecowboys\/uploads\/2025\/12\/SCVN01FR_rules.pdf\" style=\"color: var(--cta-text-color);\">\n                    T\u00e9l\u00e9chargez le livret de r\u00e8gles                <\/a>\n            <\/div>\n            <\/div>\n<\/div>\n<\/div><\/div>\n<\/div>\n\n\n\n<div class=\"wp-block-columns is-layout-flex wp-container-core-columns-layout-5 wp-block-columns-is-layout-flex\">\n<div class=\"wp-block-column is-layout-flow wp-block-column-is-layout-flow\"><div class=\"lazyblock-image-card-Z2iVRxR h-100 wp-block-lazyblock-image-card\">\n\n<div class=\"project-item project-style-2\">\n    <div class=\"project-post-thumbnail\"\n         style=\"min-height: 340px;background-position: center; background-image: url(https:\/\/cdn.svc.asmodee.net\/production-spacecowboys\/uploads\/image-converter\/2025\/11\/SCBF01EN_coverart.webp); background-size: cover;\"\n        >\n    <\/div>\n    <div class=\"project-content\">\n        <div class=\"project-content-inner\">\n            <h4 class=\"project-title delta\">Black Fleet<\/h4>\n                                        <div class=\"project-excerpt mt-2\">Vous repr\u00e9sentez une nation qui contr\u00f4le des navires dans un coin recul\u00e9 des Cara\u00efbes.\r\n\u00c0 chaque tour, vous d\u00e9placerez votre bateau marchand, votre navire pirate et une fr\u00e9gate pour essayer de gagner des doublons. Cette richesse vous permettra d\u2019am\u00e9liorer vos bateaux et lorsque votre flotte sera compl\u00e8tement d\u00e9velopp\u00e9e, vous pourrez payer la ran\u00e7on de la fille du gouverneur pour gagner la partie !<\/div>\n                    <\/div>\n                    <div class=\"project-cta\">\n                <a class=\"button\" href=\"https:\/\/cdn.svc.asmodee.net\/production-spacecowboys\/uploads\/2025\/12\/SCBF01FR_Regles.pdf\" style=\"color: var(--cta-text-color);\">\n                    T\u00e9l\u00e9chargez le livret de r\u00e8gles                <\/a>\n            <\/div>\n            <\/div>\n<\/div>\n<\/div><\/div>\n\n\n\n<div class=\"wp-block-column is-layout-flow wp-block-column-is-layout-flow\"><div class=\"lazyblock-image-card-1fjYQ9 h-100 wp-block-lazyblock-image-card\">\n\n<div class=\"project-item project-style-2\">\n    <div class=\"project-post-thumbnail\"\n         style=\"min-height: 340px;background-position: center; background-image: url(https:\/\/cdn.svc.asmodee.net\/production-spacecowboys\/uploads\/image-converter\/2025\/11\/HzR_coverart_HD-scaled.webp); background-size: cover;\"\n        >\n    <\/div>\n    <div class=\"project-content\">\n        <div class=\"project-content-inner\">\n            <h4 class=\"project-title delta\">Hit Ze Road<\/h4>\n                                        <div class=\"project-excerpt mt-2\">Hit Z Road est un road trip horrifique qui va vous mener de Chicago \u00e0 la Californie dans des USA boulevers\u00e9s par une apocalypse zombie. Il vous faudra faire preuve de discernement pour tirer votre \u00e9pingle du jeu et arriver \u00e0 bon port !<\/div>\n                    <\/div>\n                    <div class=\"project-cta\">\n                <a class=\"button\" href=\"https:\/\/cdn.svc.asmodee.net\/production-spacecowboys\/uploads\/2025\/12\/HzR_rules_FR.pdf\" style=\"color: var(--cta-text-color);\">\n                    T\u00e9l\u00e9chargez le livret de r\u00e8gles                <\/a>\n            <\/div>\n            <\/div>\n<\/div>\n<\/div><\/div>\n<\/div>\n\n\n\n<div class=\"wp-block-columns is-layout-flex wp-container-core-columns-layout-6 wp-block-columns-is-layout-flex\"><\/div>\n\n\n\n<div class=\"wp-block-columns is-layout-flex wp-container-core-columns-layout-7 wp-block-columns-is-layout-flex\">\n<div class=\"wp-block-column is-layout-flow wp-block-column-is-layout-flow\"><\/div>\n\n\n\n<div class=\"wp-block-column is-layout-flow wp-block-column-is-layout-flow\"><\/div>\n<\/div>\n\n\n\n<style>\r\n.wp-block-columns {\r\n    padding: 20px 0;\r\n}\r\n:where(.wp-block-columns.is-layout-flex) {\r\n    gap: 0em;\r\n}<\/style>\n","protected":false},"excerpt":{"rendered":"","protected":false},"author":7,"featured_media":0,"parent":0,"menu_order":0,"comment_status":"closed","ping_status":"closed","template":"","meta":{"_acf_changed":false,"footnotes":""},"acf":[],"yoast_head":"<!-- This site is optimized with the Yoast SEO Premium plugin v22.3 (Yoast SEO v22.9) - https:\/\/yoast.com\/wordpress\/plugins\/seo\/ -->\n<title>Anciens jeux - Space Cowboys<\/title>\n<meta name=\"robots\" content=\"index, follow, max-snippet:-1, max-image-preview:large, max-video-preview:-1\" \/>\n<link rel=\"canonical\" href=\"https:\/\/www.spacecowboys-games.com\/fr\/anciens-jeux\/\" \/>\n<meta property=\"og:locale\" content=\"fr_FR\" \/>\n<meta property=\"og:type\" content=\"article\" \/>\n<meta property=\"og:title\" content=\"Anciens jeux\" \/>\n<meta property=\"og:url\" content=\"https:\/\/www.spacecowboys-games.com\/fr\/anciens-jeux\/\" \/>\n<meta property=\"og:site_name\" content=\"Space Cowboys\" \/>\n<meta property=\"article:modified_time\" content=\"2025-12-11T12:55:18+00:00\" \/>\n<meta name=\"twitter:card\" content=\"summary_large_image\" \/>\n<script type=\"application\/ld+json\" class=\"yoast-schema-graph\">{\"@context\":\"https:\/\/schema.org\",\"@graph\":[{\"@type\":\"WebPage\",\"@id\":\"https:\/\/www.spacecowboys-games.com\/fr\/anciens-jeux\/\",\"url\":\"https:\/\/www.spacecowboys-games.com\/fr\/anciens-jeux\/\",\"name\":\"Anciens jeux - Space Cowboys\",\"isPartOf\":{\"@id\":\"https:\/\/www.spacecowboys-games.com\/#website\"},\"datePublished\":\"2025-11-17T14:54:43+00:00\",\"dateModified\":\"2025-12-11T12:55:18+00:00\",\"breadcrumb\":{\"@id\":\"https:\/\/www.spacecowboys-games.com\/fr\/anciens-jeux\/#breadcrumb\"},\"inLanguage\":\"fr-FR\",\"potentialAction\":[{\"@type\":\"ReadAction\",\"target\":[\"https:\/\/www.spacecowboys-games.com\/fr\/anciens-jeux\/\"]}]},{\"@type\":\"BreadcrumbList\",\"@id\":\"https:\/\/www.spacecowboys-games.com\/fr\/anciens-jeux\/#breadcrumb\",\"itemListElement\":[{\"@type\":\"ListItem\",\"position\":1,\"name\":\"Home\",\"item\":\"https:\/\/www.spacecowboys-games.com\/fr\/\"},{\"@type\":\"ListItem\",\"position\":2,\"name\":\"Anciens jeux\"}]},{\"@type\":\"WebSite\",\"@id\":\"https:\/\/www.spacecowboys-games.com\/#website\",\"url\":\"https:\/\/www.spacecowboys-games.com\/\",\"name\":\"Space Cowboys\",\"description\":\"Welcome to Space Cowboys Games\",\"publisher\":{\"@id\":\"https:\/\/www.spacecowboys-games.com\/#organization\"},\"potentialAction\":[{\"@type\":\"SearchAction\",\"target\":{\"@type\":\"EntryPoint\",\"urlTemplate\":\"https:\/\/www.spacecowboys-games.com\/?s={search_term_string}\"},\"query-input\":\"required name=search_term_string\"}],\"inLanguage\":\"fr-FR\"},{\"@type\":\"Organization\",\"@id\":\"https:\/\/www.spacecowboys-games.com\/#organization\",\"name\":\"Space Cowboys\",\"url\":\"https:\/\/www.spacecowboys-games.com\/\",\"logo\":{\"@type\":\"ImageObject\",\"inLanguage\":\"fr-FR\",\"@id\":\"https:\/\/www.spacecowboys-games.com\/#\/schema\/logo\/image\/\",\"url\":\"https:\/\/cdn.svc.asmodee.net\/production-spacecowboys\/uploads\/image-converter\/2025\/10\/SC_LOGO.webp\",\"contentUrl\":\"https:\/\/cdn.svc.asmodee.net\/production-spacecowboys\/uploads\/image-converter\/2025\/10\/SC_LOGO.webp\",\"width\":2000,\"height\":2000,\"caption\":\"Space Cowboys\"},\"image\":{\"@id\":\"https:\/\/www.spacecowboys-games.com\/#\/schema\/logo\/image\/\"}}]}<\/script>\n<!-- \/ Yoast SEO Premium plugin. -->","yoast_head_json":{"title":"Anciens jeux - Space Cowboys","robots":{"index":"index","follow":"follow","max-snippet":"max-snippet:-1","max-image-preview":"max-image-preview:large","max-video-preview":"max-video-preview:-1"},"canonical":"https:\/\/www.spacecowboys-games.com\/fr\/anciens-jeux\/","og_locale":"fr_FR","og_type":"article","og_title":"Anciens jeux","og_url":"https:\/\/www.spacecowboys-games.com\/fr\/anciens-jeux\/","og_site_name":"Space Cowboys","article_modified_time":"2025-12-11T12:55:18+00:00","twitter_card":"summary_large_image","schema":{"@context":"https:\/\/schema.org","@graph":[{"@type":"WebPage","@id":"https:\/\/www.spacecowboys-games.com\/fr\/anciens-jeux\/","url":"https:\/\/www.spacecowboys-games.com\/fr\/anciens-jeux\/","name":"Anciens jeux - Space Cowboys","isPartOf":{"@id":"https:\/\/www.spacecowboys-games.com\/#website"},"datePublished":"2025-11-17T14:54:43+00:00","dateModified":"2025-12-11T12:55:18+00:00","breadcrumb":{"@id":"https:\/\/www.spacecowboys-games.com\/fr\/anciens-jeux\/#breadcrumb"},"inLanguage":"fr-FR","potentialAction":[{"@type":"ReadAction","target":["https:\/\/www.spacecowboys-games.com\/fr\/anciens-jeux\/"]}]},{"@type":"BreadcrumbList","@id":"https:\/\/www.spacecowboys-games.com\/fr\/anciens-jeux\/#breadcrumb","itemListElement":[{"@type":"ListItem","position":1,"name":"Home","item":"https:\/\/www.spacecowboys-games.com\/fr\/"},{"@type":"ListItem","position":2,"name":"Anciens jeux"}]},{"@type":"WebSite","@id":"https:\/\/www.spacecowboys-games.com\/#website","url":"https:\/\/www.spacecowboys-games.com\/","name":"Space Cowboys","description":"Welcome to Space Cowboys Games","publisher":{"@id":"https:\/\/www.spacecowboys-games.com\/#organization"},"potentialAction":[{"@type":"SearchAction","target":{"@type":"EntryPoint","urlTemplate":"https:\/\/www.spacecowboys-games.com\/?s={search_term_string}"},"query-input":"required name=search_term_string"}],"inLanguage":"fr-FR"},{"@type":"Organization","@id":"https:\/\/www.spacecowboys-games.com\/#organization","name":"Space Cowboys","url":"https:\/\/www.spacecowboys-games.com\/","logo":{"@type":"ImageObject","inLanguage":"fr-FR","@id":"https:\/\/www.spacecowboys-games.com\/#\/schema\/logo\/image\/","url":"https:\/\/cdn.svc.asmodee.net\/production-spacecowboys\/uploads\/image-converter\/2025\/10\/SC_LOGO.webp","contentUrl":"https:\/\/cdn.svc.asmodee.net\/production-spacecowboys\/uploads\/image-converter\/2025\/10\/SC_LOGO.webp","width":2000,"height":2000,"caption":"Space Cowboys"},"image":{"@id":"https:\/\/www.spacecowboys-games.com\/#\/schema\/logo\/image\/"}}]}},"_links":{"self":[{"href":"https:\/\/www.spacecowboys-games.com\/fr\/wp-json\/wp\/v2\/pages\/6789"}],"collection":[{"href":"https:\/\/www.spacecowboys-games.com\/fr\/wp-json\/wp\/v2\/pages"}],"about":[{"href":"https:\/\/www.spacecowboys-games.com\/fr\/wp-json\/wp\/v2\/types\/page"}],"author":[{"embeddable":true,"href":"https:\/\/www.spacecowboys-games.com\/fr\/wp-json\/wp\/v2\/users\/7"}],"replies":[{"embeddable":true,"href":"https:\/\/www.spacecowboys-games.com\/fr\/wp-json\/wp\/v2\/comments?post=6789"}],"version-history":[{"count":2,"href":"https:\/\/www.spacecowboys-games.com\/fr\/wp-json\/wp\/v2\/pages\/6789\/revisions"}],"predecessor-version":[{"id":7191,"href":"https:\/\/www.spacecowboys-games.com\/fr\/wp-json\/wp\/v2\/pages\/6789\/revisions\/7191"}],"wp:attachment":[{"href":"https:\/\/www.spacecowboys-games.com\/fr\/wp-json\/wp\/v2\/media?parent=6789"}],"curies":[{"name":"wp","href":"https:\/\/api.w.org\/{rel}","templated":true}]}}